{"id":8195,"date":"2023-11-14T19:37:56","date_gmt":"2023-11-14T19:37:56","guid":{"rendered":"https:\/\/www.valleescondidoboquete.com\/?page_id=8195"},"modified":"2023-11-14T19:39:55","modified_gmt":"2023-11-14T19:39:55","slug":"galeria-bodas-2021","status":"publish","type":"page","link":"https:\/\/www.valleescondidoboquete.com\/es\/boda\/galeria-de-bodas\/galeria-bodas-2021\/","title":{"rendered":"Galer\u00eda Bodas 2021"},"content":{"rendered":"\t\t<div data-elementor-type=\"wp-page\" data-elementor-id=\"8195\" class=\"elementor elementor-8195\" data-elementor-post-type=\"page\">\n\t\t\t\t\t\t<section class=\"elementor-section elementor-top-section elementor-element elementor-element-ed5ae45 elementor-section-boxed elementor-section-height-default elementor-section-height-default wpr-particle-no wpr-jarallax-no wpr-parallax-no wpr-sticky-section-no wpr-equal-height-no\" data-id=\"ed5ae45\" data-element_type=\"section\" data-e-type=\"section\" data-settings=\"{&quot;background_background&quot;:&quot;video&quot;,&quot;background_video_link&quot;:&quot;https:\\\/\\\/youtu.be\\\/HaOdwJVrUYY&quot;,&quot;background_video_start&quot;:1,&quot;background_video_end&quot;:60}\">\n\t\t\t\t\t\t\t\t<div class=\"elementor-background-video-container elementor-hidden-mobile\">\n\t\t\t\t\t\t\t\t\t\t\t\t\t<div class=\"elementor-background-video-embed\" role=\"presentation\"><\/div>\n\t\t\t\t\t\t\t\t\t\t\t\t<\/div>\n\t\t\t\t\t\t\t\t\t<div class=\"elementor-background-overlay\"><\/div>\n\t\t\t\t\t\t\t<div class=\"elementor-container elementor-column-gap-default\">\n\t\t\t\t\t<div class=\"elementor-column elementor-col-100 elementor-top-column elementor-element elementor-element-a6afc63\" data-id=\"a6afc63\" data-element_type=\"column\" data-e-type=\"column\">\n\t\t\t<div class=\"elementor-widget-wrap elementor-element-populated\">\n\t\t\t\t\t\t<div class=\"elementor-element elementor-element-0b43168 elementor-widget elementor-widget-heading\" data-id=\"0b43168\" data-element_type=\"widget\" data-e-type=\"widget\" data-widget_type=\"heading.default\">\n\t\t\t\t<div class=\"elementor-widget-container\">\n\t\t\t\t\t<h5 class=\"elementor-heading-title elementor-size-default\">Nuestras Bodas<\/h5>\t\t\t\t<\/div>\n\t\t\t\t<\/div>\n\t\t\t\t<div class=\"elementor-element elementor-element-71e765b elementor-widget elementor-widget-heading\" data-id=\"71e765b\" data-element_type=\"widget\" data-e-type=\"widget\" data-widget_type=\"heading.default\">\n\t\t\t\t<div class=\"elementor-widget-container\">\n\t\t\t\t\t<h1 class=\"elementor-heading-title elementor-size-default\">Galer\u00eda 2021<\/h1>\t\t\t\t<\/div>\n\t\t\t\t<\/div>\n\t\t\t\t\t<\/div>\n\t\t<\/div>\n\t\t\t\t\t<\/div>\n\t\t<\/section>\n\t\t<div class=\"elementor-element elementor-element-98bd832 e-flex e-con-boxed wpr-particle-no wpr-jarallax-no wpr-parallax-no wpr-sticky-section-no wpr-equal-height-no e-con e-parent\" data-id=\"98bd832\" data-element_type=\"container\" data-e-type=\"container\">\n\t\t\t\t\t<div class=\"e-con-inner\">\n\t\t<div class=\"elementor-element elementor-element-865b166 e-con-full e-flex wpr-particle-no wpr-jarallax-no wpr-parallax-no wpr-sticky-section-no wpr-equal-height-no e-con e-child\" data-id=\"865b166\" data-element_type=\"container\" data-e-type=\"container\">\n\t\t<div class=\"elementor-element elementor-element-bfcb8b5 e-con-full e-flex wpr-particle-no wpr-jarallax-no wpr-parallax-no wpr-sticky-section-no wpr-equal-height-no e-con e-child\" data-id=\"bfcb8b5\" data-element_type=\"container\" data-e-type=\"container\" data-settings=\"{&quot;background_background&quot;:&quot;video&quot;,&quot;background_video_link&quot;:&quot;https:\\\/\\\/www.youtube.com\\\/watch?v=wBpeuANH7ks&quot;,&quot;background_video_start&quot;:0,&quot;background_video_end&quot;:60}\">\n\t\t<div class=\"elementor-background-video-container elementor-hidden-mobile\">\n\t\t\t\t\t\t\t<div class=\"elementor-background-video-embed\" role=\"presentation\"><\/div>\n\t\t\t\t\t\t<\/div>\t\t<\/div>\n\t\t<div class=\"elementor-element elementor-element-bef2090 e-con-full e-flex wpr-particle-no wpr-jarallax-no wpr-parallax-no wpr-sticky-section-no wpr-equal-height-no e-con e-child\" data-id=\"bef2090\" data-element_type=\"container\" data-e-type=\"container\" data-settings=\"{&quot;background_background&quot;:&quot;slideshow&quot;,&quot;background_slideshow_slide_duration&quot;:2000,&quot;background_slideshow_gallery&quot;:[],&quot;background_slideshow_loop&quot;:&quot;yes&quot;,&quot;background_slideshow_slide_transition&quot;:&quot;fade&quot;,&quot;background_slideshow_transition_duration&quot;:500}\">\n\t\t\t\t<div class=\"elementor-element elementor-element-ac6f035 elementor-widget__width-inherit elementor-widget elementor-widget-heading\" data-id=\"ac6f035\" data-element_type=\"widget\" data-e-type=\"widget\" data-widget_type=\"heading.default\">\n\t\t\t\t<div class=\"elementor-widget-container\">\n\t\t\t\t\t<h2 class=\"elementor-heading-title elementor-size-default\">Paola &amp; Francisco<\/h2>\t\t\t\t<\/div>\n\t\t\t\t<\/div>\n\t\t\t\t<div class=\"elementor-element elementor-element-3457664 wpr-button-icon-style-inline wpr-button-icon-position-right elementor-widget elementor-widget-wpr-button\" data-id=\"3457664\" data-element_type=\"widget\" data-e-type=\"widget\" data-widget_type=\"wpr-button.default\">\n\t\t\t\t<div class=\"elementor-widget-container\">\n\t\t\t\t\t\t\n\t\t\t\n\t\t\n\t\t<div class=\"wpr-button-wrap elementor-clearfix\">\n\t\t<a class=\"wpr-button wpr-button-effect wpr-button-wayra-right\" data-text=\"\" href=\"https:\/\/www.youtube.com\/watch?v=wBpeuANH7ks\">\n\t\t\t\n\t\t\t<span class=\"wpr-button-content\">\n\t\t\t\t\t\t\t\t\t<span class=\"wpr-button-text\">Ver Video<\/span>\n\t\t\t\t\t\t\t\t\n\t\t\t\t\t\t\t\t\t<span class=\"wpr-button-icon\"><i class=\"fas fa-photo-video\"><\/i><\/span>\n\t\t\t\t\t\t\t<\/span>\n\t\t<\/a>\n\n\t\t\t\t<\/div>\n\t\n\t\n\t\t\t\t\t<\/div>\n\t\t\t\t<\/div>\n\t\t\t\t<\/div>\n\t\t\t\t<\/div>\n\t\t\t\t\t<\/div>\n\t\t\t\t<\/div>\n\t\t<div class=\"elementor-element elementor-element-af70cce e-con-full e-flex wpr-particle-no wpr-jarallax-no wpr-parallax-no wpr-sticky-section-no wpr-equal-height-no e-con e-parent\" data-id=\"af70cce\" data-element_type=\"container\" data-e-type=\"container\">\n\t\t<div class=\"elementor-element elementor-element-4979aa8 e-con-full e-flex wpr-particle-no wpr-jarallax-no wpr-parallax-no wpr-sticky-section-no wpr-equal-height-no e-con e-child\" data-id=\"4979aa8\" data-element_type=\"container\" data-e-type=\"container\" data-settings=\"{&quot;background_background&quot;:&quot;slideshow&quot;,&quot;background_slideshow_slide_duration&quot;:2000,&quot;background_slideshow_gallery&quot;:[],&quot;background_slideshow_loop&quot;:&quot;yes&quot;,&quot;background_slideshow_slide_transition&quot;:&quot;fade&quot;,&quot;background_slideshow_transition_duration&quot;:500}\">\n\t\t\t\t<div class=\"elementor-element elementor-element-51a3e96 elementor-widget__width-inherit elementor-widget elementor-widget-heading\" data-id=\"51a3e96\" data-element_type=\"widget\" data-e-type=\"widget\" data-widget_type=\"heading.default\">\n\t\t\t\t<div class=\"elementor-widget-container\">\n\t\t\t\t\t<h2 class=\"elementor-heading-title elementor-size-default\">Claudia &amp; Joaqu\u00edn<\/h2>\t\t\t\t<\/div>\n\t\t\t\t<\/div>\n\t\t\t\t<div class=\"elementor-element elementor-element-06367a3 wpr-button-icon-style-inline wpr-button-icon-position-right elementor-widget elementor-widget-wpr-button\" data-id=\"06367a3\" data-element_type=\"widget\" data-e-type=\"widget\" data-widget_type=\"wpr-button.default\">\n\t\t\t\t<div class=\"elementor-widget-container\">\n\t\t\t\t\t\t\n\t\t\t\n\t\t\n\t\t<div class=\"wpr-button-wrap elementor-clearfix\">\n\t\t<a class=\"wpr-button wpr-button-effect wpr-button-wayra-left\" data-text=\"\" href=\"https:\/\/youtu.be\/GVw3P6FbCKA\">\n\t\t\t\n\t\t\t<span class=\"wpr-button-content\">\n\t\t\t\t\t\t\t\t\t<span class=\"wpr-button-text\">Ver Video<\/span>\n\t\t\t\t\t\t\t\t\n\t\t\t\t\t\t\t\t\t<span class=\"wpr-button-icon\"><i class=\"fas fa-photo-video\"><\/i><\/span>\n\t\t\t\t\t\t\t<\/span>\n\t\t<\/a>\n\n\t\t\t\t<\/div>\n\t\n\t\n\t\t\t\t\t<\/div>\n\t\t\t\t<\/div>\n\t\t\t\t<\/div>\n\t\t<div class=\"elementor-element elementor-element-5ffe981 e-con-full e-flex wpr-particle-no wpr-jarallax-no wpr-parallax-no wpr-sticky-section-no wpr-equal-height-no e-con e-child\" data-id=\"5ffe981\" data-element_type=\"container\" data-e-type=\"container\" data-settings=\"{&quot;background_background&quot;:&quot;slideshow&quot;,&quot;background_slideshow_gallery&quot;:[{&quot;id&quot;:6524,&quot;url&quot;:&quot;https:\\\/\\\/www.valleescondidoboquete.com\\\/wp-content\\\/uploads\\\/2023\\\/11\\\/Diseno-sin-titulo-2023-11-01T120013.489-1.png&quot;},{&quot;id&quot;:6526,&quot;url&quot;:&quot;https:\\\/\\\/www.valleescondidoboquete.com\\\/wp-content\\\/uploads\\\/2023\\\/11\\\/Diseno-sin-titulo-2023-11-01T115923.535-1.png&quot;}],&quot;background_slideshow_slide_duration&quot;:2000,&quot;background_slideshow_loop&quot;:&quot;yes&quot;,&quot;background_slideshow_slide_transition&quot;:&quot;fade&quot;,&quot;background_slideshow_transition_duration&quot;:500}\">\n\t\t\t\t<\/div>\n\t\t\t\t<\/div>\n\t\t<div class=\"elementor-element elementor-element-6962214 e-con-full e-flex wpr-particle-no wpr-jarallax-no wpr-parallax-no wpr-sticky-section-no wpr-equal-height-no e-con e-parent\" data-id=\"6962214\" data-element_type=\"container\" data-e-type=\"container\">\n\t\t<div class=\"elementor-element elementor-element-d714f63 e-con-full e-flex wpr-particle-no wpr-jarallax-no wpr-parallax-no wpr-sticky-section-no wpr-equal-height-no e-con e-child\" data-id=\"d714f63\" data-element_type=\"container\" data-e-type=\"container\" data-settings=\"{&quot;background_background&quot;:&quot;slideshow&quot;,&quot;background_slideshow_gallery&quot;:[{&quot;id&quot;:6543,&quot;url&quot;:&quot;https:\\\/\\\/www.valleescondidoboquete.com\\\/wp-content\\\/uploads\\\/2023\\\/11\\\/Diseno-sin-titulo-2023-11-01T120248.889-1.png&quot;},{&quot;id&quot;:6548,&quot;url&quot;:&quot;https:\\\/\\\/www.valleescondidoboquete.com\\\/wp-content\\\/uploads\\\/2023\\\/11\\\/Diseno-sin-titulo-2023-11-01T120324.294-1.png&quot;}],&quot;background_slideshow_slide_duration&quot;:2000,&quot;background_slideshow_loop&quot;:&quot;yes&quot;,&quot;background_slideshow_slide_transition&quot;:&quot;fade&quot;,&quot;background_slideshow_transition_duration&quot;:500}\">\n\t\t\t\t<\/div>\n\t\t<div class=\"elementor-element elementor-element-9f40a24 e-con-full e-flex wpr-particle-no wpr-jarallax-no wpr-parallax-no wpr-sticky-section-no wpr-equal-height-no e-con e-child\" data-id=\"9f40a24\" data-element_type=\"container\" data-e-type=\"container\" data-settings=\"{&quot;background_background&quot;:&quot;slideshow&quot;,&quot;background_slideshow_slide_duration&quot;:2000,&quot;background_slideshow_gallery&quot;:[],&quot;background_slideshow_loop&quot;:&quot;yes&quot;,&quot;background_slideshow_slide_transition&quot;:&quot;fade&quot;,&quot;background_slideshow_transition_duration&quot;:500}\">\n\t\t\t\t<div class=\"elementor-element elementor-element-c715711 elementor-widget__width-inherit elementor-widget elementor-widget-heading\" data-id=\"c715711\" data-element_type=\"widget\" data-e-type=\"widget\" data-widget_type=\"heading.default\">\n\t\t\t\t<div class=\"elementor-widget-container\">\n\t\t\t\t\t<h2 class=\"elementor-heading-title elementor-size-default\">Kayla &amp; Ernesto<\/h2>\t\t\t\t<\/div>\n\t\t\t\t<\/div>\n\t\t\t\t<div class=\"elementor-element elementor-element-b9942bc wpr-button-icon-style-inline wpr-button-icon-position-right elementor-widget elementor-widget-wpr-button\" data-id=\"b9942bc\" data-element_type=\"widget\" data-e-type=\"widget\" data-widget_type=\"wpr-button.default\">\n\t\t\t\t<div class=\"elementor-widget-container\">\n\t\t\t\t\t\t\n\t\t\t\n\t\t\n\t\t<div class=\"wpr-button-wrap elementor-clearfix\">\n\t\t<a class=\"wpr-button wpr-button-effect wpr-button-wayra-right\" data-text=\"\" href=\"https:\/\/www.valleescondidoboquete.com\/all-weddings\/kayla-ernesto\/\">\n\t\t\t\n\t\t\t<span class=\"wpr-button-content\">\n\t\t\t\t\t\t\t\t\t<span class=\"wpr-button-text\">Ver Galer\u00eda<\/span>\n\t\t\t\t\t\t\t\t\n\t\t\t\t\t\t\t\t\t<span class=\"wpr-button-icon\"><i class=\"fas fa-photo-video\"><\/i><\/span>\n\t\t\t\t\t\t\t<\/span>\n\t\t<\/a>\n\n\t\t\t\t<\/div>\n\t\n\t\n\t\t\t\t\t<\/div>\n\t\t\t\t<\/div>\n\t\t\t\t<\/div>\n\t\t\t\t<\/div>\n\t\t\t\t<\/div>\n\t\t","protected":false},"excerpt":{"rendered":"<p>Nuestras Bodas Galer\u00eda 2021 Paola &#038; Francisco Ver Video Claudia &#038; Joaqu\u00edn Ver Video Kayla &#038; Ernesto Ver Galer\u00eda<\/p>\n","protected":false},"author":5,"featured_media":0,"parent":5872,"menu_order":0,"comment_status":"closed","ping_status":"closed","template":"","meta":{"_editorskit_title_hidden":false,"_editorskit_reading_time":0,"_editorskit_is_block_options_detached":false,"_editorskit_block_options_position":"{}","_kad_blocks_custom_css":"","_kad_blocks_head_custom_js":"","_kad_blocks_body_custom_js":"","_kad_blocks_footer_custom_js":"","_monsterinsights_skip_tracking":false,"_monsterinsights_sitenote_active":false,"_monsterinsights_sitenote_note":"","_monsterinsights_sitenote_category":0,"site-sidebar-layout":"no-sidebar","site-content-layout":"page-builder","ast-site-content-layout":"full-width-container","site-content-style":"default","site-sidebar-style":"default","ast-global-header-display":"","ast-banner-title-visibility":"","ast-main-header-display":"","ast-hfb-above-header-display":"","ast-hfb-below-header-display":"","ast-hfb-mobile-header-display":"","site-post-title":"disabled","ast-breadcrumbs-content":"","ast-featured-img":"disabled","footer-sml-layout":"","ast-disable-related-posts":"","theme-transparent-header-meta":"","adv-header-id-meta":"","stick-header-meta":"","header-above-stick-meta":"","header-main-stick-meta":"","header-below-stick-meta":"","astra-migrate-meta-layouts":"set","ast-page-background-enabled":"default","ast-page-background-meta":{"desktop":{"background-color":"","background-image":"","background-repeat":"repeat","background-position":"center center","background-size":"auto","background-attachment":"scroll","background-type":"","background-media":"","overlay-type":"","overlay-color":"","overlay-opacity":"","overlay-gradient":""},"tablet":{"background-color":"","background-image":"","background-repeat":"repeat","background-position":"center center","background-size":"auto","background-attachment":"scroll","background-type":"","background-media":"","overlay-type":"","overlay-color":"","overlay-opacity":"","overlay-gradient":""},"mobile":{"background-color":"","background-image":"","background-repeat":"repeat","background-position":"center center","background-size":"auto","background-attachment":"scroll","background-type":"","background-media":"","overlay-type":"","overlay-color":"","overlay-opacity":"","overlay-gradient":""}},"ast-content-background-meta":{"desktop":{"background-color":"var(--ast-global-color-5)","background-image":"","background-repeat":"repeat","background-position":"center center","background-size":"auto","background-attachment":"scroll","background-type":"","background-media":"","overlay-type":"","overlay-color":"","overlay-opacity":"","overlay-gradient":""},"tablet":{"background-color":"var(--ast-global-color-5)","background-image":"","background-repeat":"repeat","background-position":"center center","background-size":"auto","background-attachment":"scroll","background-type":"","background-media":"","overlay-type":"","overlay-color":"","overlay-opacity":"","overlay-gradient":""},"mobile":{"background-color":"var(--ast-global-color-5)","background-image":"","background-repeat":"repeat","background-position":"center center","background-size":"auto","background-attachment":"scroll","background-type":"","background-media":"","overlay-type":"","overlay-color":"","overlay-opacity":"","overlay-gradient":""}},"footnotes":""},"class_list":["post-8195","page","type-page","status-publish","hentry"],"yoast_head":"<!-- This site is optimized with the Yoast SEO plugin v27.4 - https:\/\/yoast.com\/product\/yoast-seo-wordpress\/ -->\n<title>Galer\u00eda Bodas 2021 | Valle Escondido Boquete Hotel<\/title>\n<meta name=\"robots\" content=\"index, follow, max-snippet:-1, max-image-preview:large, max-video-preview:-1\" \/>\n<link rel=\"canonical\" href=\"https:\/\/www.valleescondidoboquete.com\/es\/boda\/galeria-de-bodas\/galeria-bodas-2021\/\" \/>\n<meta property=\"og:locale\" content=\"es_ES\" \/>\n<meta property=\"og:type\" content=\"article\" \/>\n<meta property=\"og:title\" content=\"Galer\u00eda Bodas 2021 | Valle Escondido Boquete Hotel\" \/>\n<meta property=\"og:description\" content=\"Nuestras Bodas Galer\u00eda 2021 Paola &#038; Francisco Ver Video Claudia &#038; Joaqu\u00edn Ver Video Kayla &#038; Ernesto Ver Galer\u00eda\" \/>\n<meta property=\"og:url\" content=\"https:\/\/www.valleescondidoboquete.com\/es\/boda\/galeria-de-bodas\/galeria-bodas-2021\/\" \/>\n<meta property=\"og:site_name\" content=\"Valle Escondido Boquete Hotel\" \/>\n<meta property=\"article:publisher\" content=\"https:\/\/www.facebook.com\/Veresort\/\" \/>\n<meta property=\"article:modified_time\" content=\"2023-11-14T19:39:55+00:00\" \/>\n<meta name=\"twitter:card\" content=\"summary_large_image\" \/>\n<meta name=\"twitter:site\" content=\"@veresort\" \/>\n<meta name=\"twitter:label1\" content=\"Tiempo de lectura\" \/>\n\t<meta name=\"twitter:data1\" content=\"1 minuto\" \/>\n<script type=\"application\/ld+json\" class=\"yoast-schema-graph\">{\"@context\":\"https:\\\/\\\/schema.org\",\"@graph\":[{\"@type\":\"WebPage\",\"@id\":\"https:\\\/\\\/www.valleescondidoboquete.com\\\/es\\\/boda\\\/galeria-de-bodas\\\/galeria-bodas-2021\\\/\",\"url\":\"https:\\\/\\\/www.valleescondidoboquete.com\\\/es\\\/boda\\\/galeria-de-bodas\\\/galeria-bodas-2021\\\/\",\"name\":\"Galer\u00eda Bodas 2021 | Valle Escondido Boquete Hotel\",\"isPartOf\":{\"@id\":\"https:\\\/\\\/www.valleescondidoboquete.com\\\/es\\\/#website\"},\"datePublished\":\"2023-11-14T19:37:56+00:00\",\"dateModified\":\"2023-11-14T19:39:55+00:00\",\"breadcrumb\":{\"@id\":\"https:\\\/\\\/www.valleescondidoboquete.com\\\/es\\\/boda\\\/galeria-de-bodas\\\/galeria-bodas-2021\\\/#breadcrumb\"},\"inLanguage\":\"es\",\"potentialAction\":[{\"@type\":\"ReadAction\",\"target\":[\"https:\\\/\\\/www.valleescondidoboquete.com\\\/es\\\/boda\\\/galeria-de-bodas\\\/galeria-bodas-2021\\\/\"]}]},{\"@type\":\"BreadcrumbList\",\"@id\":\"https:\\\/\\\/www.valleescondidoboquete.com\\\/es\\\/boda\\\/galeria-de-bodas\\\/galeria-bodas-2021\\\/#breadcrumb\",\"itemListElement\":[{\"@type\":\"ListItem\",\"position\":1,\"name\":\"Home\",\"item\":\"https:\\\/\\\/www.valleescondidoboquete.com\\\/es\\\/\"},{\"@type\":\"ListItem\",\"position\":2,\"name\":\"Boda\",\"item\":\"https:\\\/\\\/www.valleescondidoboquete.com\\\/es\\\/boda\\\/\"},{\"@type\":\"ListItem\",\"position\":3,\"name\":\"Galeria de bodas\",\"item\":\"https:\\\/\\\/www.valleescondidoboquete.com\\\/es\\\/boda\\\/galeria-de-bodas\\\/\"},{\"@type\":\"ListItem\",\"position\":4,\"name\":\"Galer\u00eda Bodas 2021\"}]},{\"@type\":\"WebSite\",\"@id\":\"https:\\\/\\\/www.valleescondidoboquete.com\\\/es\\\/#website\",\"url\":\"https:\\\/\\\/www.valleescondidoboquete.com\\\/es\\\/\",\"name\":\"Valle Escondido Boquete Hotel\",\"description\":\"Boquete Panama Hotels Valle Escondido\",\"publisher\":{\"@id\":\"https:\\\/\\\/www.valleescondidoboquete.com\\\/es\\\/#organization\"},\"potentialAction\":[{\"@type\":\"SearchAction\",\"target\":{\"@type\":\"EntryPoint\",\"urlTemplate\":\"https:\\\/\\\/www.valleescondidoboquete.com\\\/es\\\/?s={search_term_string}\"},\"query-input\":{\"@type\":\"PropertyValueSpecification\",\"valueRequired\":true,\"valueName\":\"search_term_string\"}}],\"inLanguage\":\"es\"},{\"@type\":\"Organization\",\"@id\":\"https:\\\/\\\/www.valleescondidoboquete.com\\\/es\\\/#organization\",\"name\":\"Valle Escondido Resort, Golf & Spa\",\"url\":\"https:\\\/\\\/www.valleescondidoboquete.com\\\/es\\\/\",\"logo\":{\"@type\":\"ImageObject\",\"inLanguage\":\"es\",\"@id\":\"https:\\\/\\\/www.valleescondidoboquete.com\\\/es\\\/#\\\/schema\\\/logo\\\/image\\\/\",\"url\":\"https:\\\/\\\/www.valleescondidoboquete.com\\\/wp-content\\\/uploads\\\/2019\\\/04\\\/cropped-valle-escondido-logo-1.png\",\"contentUrl\":\"https:\\\/\\\/www.valleescondidoboquete.com\\\/wp-content\\\/uploads\\\/2019\\\/04\\\/cropped-valle-escondido-logo-1.png\",\"width\":300,\"height\":165,\"caption\":\"Valle Escondido Resort, Golf & Spa\"},\"image\":{\"@id\":\"https:\\\/\\\/www.valleescondidoboquete.com\\\/es\\\/#\\\/schema\\\/logo\\\/image\\\/\"},\"sameAs\":[\"https:\\\/\\\/www.facebook.com\\\/Veresort\\\/\",\"https:\\\/\\\/x.com\\\/veresort\",\"https:\\\/\\\/www.instagram.com\\\/valleescondidoresort\\\/\",\"https:\\\/\\\/www.youtube.com\\\/channel\\\/UCYa9z5fjnt-KsfbHikMRu8g\"]}]}<\/script>\n<!-- \/ Yoast SEO plugin. -->","yoast_head_json":{"title":"Galer\u00eda Bodas 2021 | Valle Escondido Boquete Hotel","robots":{"index":"index","follow":"follow","max-snippet":"max-snippet:-1","max-image-preview":"max-image-preview:large","max-video-preview":"max-video-preview:-1"},"canonical":"https:\/\/www.valleescondidoboquete.com\/es\/boda\/galeria-de-bodas\/galeria-bodas-2021\/","og_locale":"es_ES","og_type":"article","og_title":"Galer\u00eda Bodas 2021 | Valle Escondido Boquete Hotel","og_description":"Nuestras Bodas Galer\u00eda 2021 Paola &#038; Francisco Ver Video Claudia &#038; Joaqu\u00edn Ver Video Kayla &#038; Ernesto Ver Galer\u00eda","og_url":"https:\/\/www.valleescondidoboquete.com\/es\/boda\/galeria-de-bodas\/galeria-bodas-2021\/","og_site_name":"Valle Escondido Boquete Hotel","article_publisher":"https:\/\/www.facebook.com\/Veresort\/","article_modified_time":"2023-11-14T19:39:55+00:00","twitter_card":"summary_large_image","twitter_site":"@veresort","twitter_misc":{"Tiempo de lectura":"1 minuto"},"schema":{"@context":"https:\/\/schema.org","@graph":[{"@type":"WebPage","@id":"https:\/\/www.valleescondidoboquete.com\/es\/boda\/galeria-de-bodas\/galeria-bodas-2021\/","url":"https:\/\/www.valleescondidoboquete.com\/es\/boda\/galeria-de-bodas\/galeria-bodas-2021\/","name":"Galer\u00eda Bodas 2021 | Valle Escondido Boquete Hotel","isPartOf":{"@id":"https:\/\/www.valleescondidoboquete.com\/es\/#website"},"datePublished":"2023-11-14T19:37:56+00:00","dateModified":"2023-11-14T19:39:55+00:00","breadcrumb":{"@id":"https:\/\/www.valleescondidoboquete.com\/es\/boda\/galeria-de-bodas\/galeria-bodas-2021\/#breadcrumb"},"inLanguage":"es","potentialAction":[{"@type":"ReadAction","target":["https:\/\/www.valleescondidoboquete.com\/es\/boda\/galeria-de-bodas\/galeria-bodas-2021\/"]}]},{"@type":"BreadcrumbList","@id":"https:\/\/www.valleescondidoboquete.com\/es\/boda\/galeria-de-bodas\/galeria-bodas-2021\/#breadcrumb","itemListElement":[{"@type":"ListItem","position":1,"name":"Home","item":"https:\/\/www.valleescondidoboquete.com\/es\/"},{"@type":"ListItem","position":2,"name":"Boda","item":"https:\/\/www.valleescondidoboquete.com\/es\/boda\/"},{"@type":"ListItem","position":3,"name":"Galeria de bodas","item":"https:\/\/www.valleescondidoboquete.com\/es\/boda\/galeria-de-bodas\/"},{"@type":"ListItem","position":4,"name":"Galer\u00eda Bodas 2021"}]},{"@type":"WebSite","@id":"https:\/\/www.valleescondidoboquete.com\/es\/#website","url":"https:\/\/www.valleescondidoboquete.com\/es\/","name":"Valle Escondido Boquete Hotel","description":"Boquete Panama Hotels Valle Escondido","publisher":{"@id":"https:\/\/www.valleescondidoboquete.com\/es\/#organization"},"potentialAction":[{"@type":"SearchAction","target":{"@type":"EntryPoint","urlTemplate":"https:\/\/www.valleescondidoboquete.com\/es\/?s={search_term_string}"},"query-input":{"@type":"PropertyValueSpecification","valueRequired":true,"valueName":"search_term_string"}}],"inLanguage":"es"},{"@type":"Organization","@id":"https:\/\/www.valleescondidoboquete.com\/es\/#organization","name":"Valle Escondido Resort, Golf & Spa","url":"https:\/\/www.valleescondidoboquete.com\/es\/","logo":{"@type":"ImageObject","inLanguage":"es","@id":"https:\/\/www.valleescondidoboquete.com\/es\/#\/schema\/logo\/image\/","url":"https:\/\/www.valleescondidoboquete.com\/wp-content\/uploads\/2019\/04\/cropped-valle-escondido-logo-1.png","contentUrl":"https:\/\/www.valleescondidoboquete.com\/wp-content\/uploads\/2019\/04\/cropped-valle-escondido-logo-1.png","width":300,"height":165,"caption":"Valle Escondido Resort, Golf & Spa"},"image":{"@id":"https:\/\/www.valleescondidoboquete.com\/es\/#\/schema\/logo\/image\/"},"sameAs":["https:\/\/www.facebook.com\/Veresort\/","https:\/\/x.com\/veresort","https:\/\/www.instagram.com\/valleescondidoresort\/","https:\/\/www.youtube.com\/channel\/UCYa9z5fjnt-KsfbHikMRu8g"]}]}},"taxonomy_info":[],"featured_image_src_large":false,"author_info":{"display_name":"Francisco Miranda","author_link":"https:\/\/www.valleescondidoboquete.com\/es\/author\/webmaster\/"},"comment_info":0,"acf":[],"_links":{"self":[{"href":"https:\/\/www.valleescondidoboquete.com\/es\/wp-json\/wp\/v2\/pages\/8195","targetHints":{"allow":["GET"]}}],"collection":[{"href":"https:\/\/www.valleescondidoboquete.com\/es\/wp-json\/wp\/v2\/pages"}],"about":[{"href":"https:\/\/www.valleescondidoboquete.com\/es\/wp-json\/wp\/v2\/types\/page"}],"author":[{"embeddable":true,"href":"https:\/\/www.valleescondidoboquete.com\/es\/wp-json\/wp\/v2\/users\/5"}],"replies":[{"embeddable":true,"href":"https:\/\/www.valleescondidoboquete.com\/es\/wp-json\/wp\/v2\/comments?post=8195"}],"version-history":[{"count":7,"href":"https:\/\/www.valleescondidoboquete.com\/es\/wp-json\/wp\/v2\/pages\/8195\/revisions"}],"predecessor-version":[{"id":8202,"href":"https:\/\/www.valleescondidoboquete.com\/es\/wp-json\/wp\/v2\/pages\/8195\/revisions\/8202"}],"up":[{"embeddable":true,"href":"https:\/\/www.valleescondidoboquete.com\/es\/wp-json\/wp\/v2\/pages\/5872"}],"wp:attachment":[{"href":"https:\/\/www.valleescondidoboquete.com\/es\/wp-json\/wp\/v2\/media?parent=8195"}],"curies":[{"name":"wp","href":"https:\/\/api.w.org\/{rel}","templated":true}]}}