{"id":24116,"date":"2025-09-23T22:53:20","date_gmt":"2025-09-23T22:53:20","guid":{"rendered":"https:\/\/www.valleescondidoboquete.com\/?page_id=24116"},"modified":"2025-09-23T22:56:23","modified_gmt":"2025-09-23T22:56:23","slug":"solicitar-propuesta-de-boda","status":"publish","type":"page","link":"https:\/\/www.valleescondidoboquete.com\/es\/solicitar-propuesta-de-boda\/","title":{"rendered":"Solicitar propuesta de boda"},"content":{"rendered":"\t\t<div data-elementor-type=\"wp-page\" data-elementor-id=\"24116\" class=\"elementor elementor-24116 elementor-22826\" data-elementor-post-type=\"page\">\n\t\t\t\t\t\t<section class=\"elementor-section elementor-top-section elementor-element elementor-element-dd512ed elementor-section-height-min-height elementor-section-boxed elementor-section-height-default elementor-section-items-middle wpr-particle-no wpr-jarallax-no wpr-parallax-no wpr-sticky-section-no wpr-column-slider-no wpr-equal-height-no\" data-id=\"dd512ed\" data-element_type=\"section\" data-e-type=\"section\" data-settings=\"{&quot;background_background&quot;:&quot;video&quot;,&quot;background_video_link&quot;:&quot;https:\\\/\\\/youtu.be\\\/HaOdwJVrUYY&quot;,&quot;background_video_end&quot;:60,&quot;background_play_on_mobile&quot;:&quot;yes&quot;}\">\n\t\t\t\t\t\t\t\t<div class=\"elementor-background-video-container\">\n\t\t\t\t\t\t\t\t\t\t\t\t\t<div class=\"elementor-background-video-embed\" role=\"presentation\"><\/div>\n\t\t\t\t\t\t\t\t\t\t\t\t<\/div>\n\t\t\t\t\t\t\t\t\t<div class=\"elementor-background-overlay\"><\/div>\n\t\t\t\t\t\t\t<div class=\"elementor-container elementor-column-gap-no\">\n\t\t\t\t\t<div class=\"elementor-column elementor-col-100 elementor-top-column elementor-element elementor-element-cdbf0cf\" data-id=\"cdbf0cf\" data-element_type=\"column\" data-e-type=\"column\">\n\t\t\t<div class=\"elementor-widget-wrap elementor-element-populated\">\n\t\t\t\t\t\t<div class=\"elementor-element elementor-element-df96599 elementor-widget__width-initial elementor-widget elementor-widget-heading\" data-id=\"df96599\" data-element_type=\"widget\" data-e-type=\"widget\" data-widget_type=\"heading.default\">\n\t\t\t\t<div class=\"elementor-widget-container\">\n\t\t\t\t\t<h1 class=\"elementor-heading-title elementor-size-default\">Solicitar propuesta de eventos<\/h1>\t\t\t\t<\/div>\n\t\t\t\t<\/div>\n\t\t\t\t<div class=\"elementor-element elementor-element-b97ed15 elementor-widget-divider--view-line elementor-widget elementor-widget-divider\" data-id=\"b97ed15\" data-element_type=\"widget\" data-e-type=\"widget\" data-widget_type=\"divider.default\">\n\t\t\t\t<div class=\"elementor-widget-container\">\n\t\t\t\t\t\t\t<div class=\"elementor-divider\">\n\t\t\t<span class=\"elementor-divider-separator\">\n\t\t\t\t\t\t<\/span>\n\t\t<\/div>\n\t\t\t\t\t\t<\/div>\n\t\t\t\t<\/div>\n\t\t\t\t\t<\/div>\n\t\t<\/div>\n\t\t\t\t\t<\/div>\n\t\t<\/section>\n\t\t\t\t<section class=\"elementor-section elementor-top-section elementor-element elementor-element-cf05ba7 elementor-section-boxed elementor-section-height-default elementor-section-height-default wpr-particle-no wpr-jarallax-no wpr-parallax-no wpr-sticky-section-no wpr-column-slider-no wpr-equal-height-no\" data-id=\"cf05ba7\" data-element_type=\"section\" data-e-type=\"section\" data-settings=\"{&quot;background_background&quot;:&quot;classic&quot;}\">\n\t\t\t\t\t\t<div class=\"elementor-container elementor-column-gap-no\">\n\t\t\t\t\t<div class=\"elementor-column elementor-col-50 elementor-top-column elementor-element elementor-element-d91797d\" data-id=\"d91797d\" data-element_type=\"column\" data-e-type=\"column\">\n\t\t\t<div class=\"elementor-widget-wrap elementor-element-populated\">\n\t\t\t\t\t\t<div class=\"elementor-element elementor-element-6f2c6ef elementor-widget elementor-widget-heading\" data-id=\"6f2c6ef\" data-element_type=\"widget\" data-e-type=\"widget\" data-widget_type=\"heading.default\">\n\t\t\t\t<div class=\"elementor-widget-container\">\n\t\t\t\t\t<h2 class=\"elementor-heading-title elementor-size-default\">Bodas en Boquete<\/h2>\t\t\t\t<\/div>\n\t\t\t\t<\/div>\n\t\t\t\t<div class=\"elementor-element elementor-element-2982373 elementor-widget elementor-widget-heading\" data-id=\"2982373\" data-element_type=\"widget\" data-e-type=\"widget\" data-widget_type=\"heading.default\">\n\t\t\t\t<div class=\"elementor-widget-container\">\n\t\t\t\t\t<h2 class=\"elementor-heading-title elementor-size-default\">Jujhayna R. Ledezma<\/h2>\t\t\t\t<\/div>\n\t\t\t\t<\/div>\n\t\t\t\t<div class=\"elementor-element elementor-element-c9d0051 elementor-widget elementor-widget-text-editor\" data-id=\"c9d0051\" data-element_type=\"widget\" data-e-type=\"widget\" data-widget_type=\"text-editor.default\">\n\t\t\t\t<div class=\"elementor-widget-container\">\n\t\t\t\t\t\t\t\t\t<p>Solicitar una propuesta para bodas<\/p>\t\t\t\t\t\t\t\t<\/div>\n\t\t\t\t<\/div>\n\t\t\t\t<div class=\"elementor-element elementor-element-be67a6b elementor-widget elementor-widget-wpforms\" data-id=\"be67a6b\" data-element_type=\"widget\" data-e-type=\"widget\" data-widget_type=\"wpforms.default\">\n\t\t\t\t<div class=\"elementor-widget-container\">\n\t\t\t\t\t<div class=\"wpforms-container wpforms-container-full\" id=\"wpforms-1506\"><form id=\"wpforms-form-1506\" class=\"wpforms-validate wpforms-form\" data-formid=\"1506\" method=\"post\" enctype=\"multipart\/form-data\" action=\"\/es\/wp-json\/wp\/v2\/pages\/24116\" data-token=\"609126c168c42d16b9a1437d5ff80420\" data-token-time=\"1779002435\"><noscript class=\"wpforms-error-noscript\">Por favor, activa JavaScript en tu navegador para completar este formulario.<\/noscript><div class=\"wpforms-field-container\"><div id=\"wpforms-1506-field_0-container\" class=\"wpforms-field wpforms-field-name\" data-field-id=\"0\"><label class=\"wpforms-field-label\">Nombre <span class=\"wpforms-required-label\">*<\/span><\/label><div class=\"wpforms-field-row wpforms-field-medium\"><div class=\"wpforms-field-row-block wpforms-first wpforms-one-half\"><input type=\"text\" id=\"wpforms-1506-field_0\" class=\"wpforms-field-name-first wpforms-field-required\" name=\"wpforms[fields][0][first]\" required><label for=\"wpforms-1506-field_0\" class=\"wpforms-field-sublabel after\">Nombre<\/label><\/div><div class=\"wpforms-field-row-block wpforms-one-half\"><input type=\"text\" id=\"wpforms-1506-field_0-last\" class=\"wpforms-field-name-last wpforms-field-required\" name=\"wpforms[fields][0][last]\" required><label for=\"wpforms-1506-field_0-last\" class=\"wpforms-field-sublabel after\">Apellidos<\/label><\/div><\/div><\/div><div id=\"wpforms-1506-field_2-container\" class=\"wpforms-field wpforms-field-email\" data-field-id=\"2\"><label class=\"wpforms-field-label\" for=\"wpforms-1506-field_2\">Email <span class=\"wpforms-required-label\">*<\/span><\/label><input type=\"email\" id=\"wpforms-1506-field_2\" class=\"wpforms-field-medium wpforms-field-required\" name=\"wpforms[fields][2]\" spellcheck=\"false\" required><\/div><div id=\"wpforms-1506-field_3-container\" class=\"wpforms-field wpforms-field-phone\" data-field-id=\"3\"><label class=\"wpforms-field-label\" for=\"wpforms-1506-field_3\">Tel\u00e9fono <span class=\"wpforms-required-label\">*<\/span><\/label><input type=\"tel\" id=\"wpforms-1506-field_3\" class=\"wpforms-field-medium wpforms-field-required wpforms-smart-phone-field\" data-rule-smart-phone-field=\"true\" name=\"wpforms[fields][3]\" aria-label=\"Tel\u00e9fono\" required><\/div><div id=\"wpforms-1506-field_6-container\" class=\"wpforms-field wpforms-field-date-time\" data-field-id=\"6\"><label class=\"wpforms-field-label\" for=\"wpforms-1506-field_6\">D\u00eda del evento<\/label><div class=\"wpforms-datepicker-wrap\"><input type=\"text\" id=\"wpforms-1506-field_6\" class=\"wpforms-field-date-time-date wpforms-datepicker wpforms-field-medium\" data-date-format=\"m\/d\/Y\" data-disable-past-dates=\"0\" data-input=\"true\" name=\"wpforms[fields][6][date]\" ><a title=\"Borrar fecha\" data-clear role=\"button\" tabindex=\"0\" class=\"wpforms-datepicker-clear\" aria-label=\"Borrar fecha\" style=\"display:none;\"><\/a><\/div><\/div><div id=\"wpforms-1506-field_7-container\" class=\"wpforms-field wpforms-field-text\" data-field-id=\"7\"><label class=\"wpforms-field-label\" for=\"wpforms-1506-field_7\">Aproximadamente cu\u00e1ntos invitados esperas?<\/label><input type=\"text\" id=\"wpforms-1506-field_7\" class=\"wpforms-field-medium\" name=\"wpforms[fields][7]\" ><\/div><div id=\"wpforms-1506-field_4-container\" class=\"wpforms-field wpforms-field-textarea\" data-field-id=\"4\"><label class=\"wpforms-field-label\" for=\"wpforms-1506-field_4\">Mensaje <span class=\"wpforms-required-label\">*<\/span><\/label><textarea id=\"wpforms-1506-field_4\" class=\"wpforms-field-medium wpforms-field-required\" name=\"wpforms[fields][4]\" required><\/textarea><\/div><\/div><!-- .wpforms-field-container --><div class=\"wpforms-field wpforms-field-hp\"><label for=\"wpforms-1506-field-hp\" class=\"wpforms-field-label\">Website<\/label><input type=\"text\" name=\"wpforms[hp]\" id=\"wpforms-1506-field-hp\" class=\"wpforms-field-medium\"><\/div><div class=\"wpforms-submit-container\" ><input type=\"hidden\" name=\"wpforms[id]\" value=\"1506\"><input type=\"hidden\" name=\"page_title\" value=\"\"><input type=\"hidden\" name=\"page_url\" value=\"https:\/\/www.valleescondidoboquete.com\/es\/wp-json\/wp\/v2\/pages\/24116\"><input type=\"hidden\" name=\"url_referer\" value=\"\"><button type=\"submit\" name=\"wpforms[submit]\" id=\"wpforms-submit-1506\" class=\"wpforms-submit\" data-alt-text=\"Enviando...\" data-submit-text=\"Enviar\" aria-live=\"assertive\" value=\"wpforms-submit\">Enviar<\/button><\/div><\/form><\/div>  <!-- .wpforms-container -->\t\t\t\t<\/div>\n\t\t\t\t<\/div>\n\t\t\t\t\t<\/div>\n\t\t<\/div>\n\t\t\t\t<div class=\"elementor-column elementor-col-50 elementor-top-column elementor-element elementor-element-6b41223\" data-id=\"6b41223\" data-element_type=\"column\" data-e-type=\"column\">\n\t\t\t<div class=\"elementor-widget-wrap elementor-element-populated\">\n\t\t\t\t\t\t<div class=\"elementor-element elementor-element-0059d7a elementor-widget elementor-widget-image\" data-id=\"0059d7a\" data-element_type=\"widget\" data-e-type=\"widget\" data-widget_type=\"image.default\">\n\t\t\t\t<div class=\"elementor-widget-container\">\n\t\t\t\t\t\t\t\t\t\t\t\t\t\t\t<img fetchpriority=\"high\" decoding=\"async\" width=\"446\" height=\"669\" src=\"https:\/\/www.valleescondidoboquete.com\/wp-content\/uploads\/2023\/11\/Diseno-sin-titulo-2023-11-01T101448.508.png\" class=\"attachment-full size-full wp-image-4635\" alt=\"\" \/>\t\t\t\t\t\t\t\t\t\t\t\t\t\t\t<\/div>\n\t\t\t\t<\/div>\n\t\t\t\t\t<\/div>\n\t\t<\/div>\n\t\t\t\t\t<\/div>\n\t\t<\/section>\n\t\t\t\t<\/div>\n\t\t","protected":false},"excerpt":{"rendered":"<p>Solicitar propuesta de eventos Bodas en Boquete Jujhayna R. Ledezma Solicitar una propuesta para bodas Please enable JavaScript in your browser to complete this form.Nombre *FirstLastEmail *Tel\u00e9fono * D\u00eda del eventoAproximadamente cu\u00e1ntos invitados esperas?Mensaje *Message Enviar<\/p>\n","protected":false},"author":5,"featured_media":0,"parent":0,"menu_order":0,"comment_status":"closed","ping_status":"closed","template":"","meta":{"_editorskit_title_hidden":false,"_editorskit_reading_time":0,"_editorskit_is_block_options_detached":false,"_editorskit_block_options_position":"{}","_kad_blocks_custom_css":"","_kad_blocks_head_custom_js":"","_kad_blocks_body_custom_js":"","_kad_blocks_footer_custom_js":"","_monsterinsights_skip_tracking":false,"_monsterinsights_sitenote_active":false,"_monsterinsights_sitenote_note":"","_monsterinsights_sitenote_category":0,"site-sidebar-layout":"no-sidebar","site-content-layout":"page-builder","ast-site-content-layout":"full-width-container","site-content-style":"default","site-sidebar-style":"default","ast-global-header-display":"","ast-banner-title-visibility":"","ast-main-header-display":"","ast-hfb-above-header-display":"","ast-hfb-below-header-display":"","ast-hfb-mobile-header-display":"","site-post-title":"disabled","ast-breadcrumbs-content":"disabled","ast-featured-img":"disabled","footer-sml-layout":"","ast-disable-related-posts":"","theme-transparent-header-meta":"enabled","adv-header-id-meta":"","stick-header-meta":"","header-above-stick-meta":"","header-main-stick-meta":"","header-below-stick-meta":"","astra-migrate-meta-layouts":"set","ast-page-background-enabled":"default","ast-page-background-meta":{"desktop":{"background-color":"","background-image":"","background-repeat":"repeat","background-position":"center center","background-size":"auto","background-attachment":"scroll","background-type":"","background-media":"","overlay-type":"","overlay-color":"","overlay-opacity":"","overlay-gradient":""},"tablet":{"background-color":"","background-image":"","background-repeat":"repeat","background-position":"center center","background-size":"auto","background-attachment":"scroll","background-type":"","background-media":"","overlay-type":"","overlay-color":"","overlay-opacity":"","overlay-gradient":""},"mobile":{"background-color":"","background-image":"","background-repeat":"repeat","background-position":"center center","background-size":"auto","background-attachment":"scroll","background-type":"","background-media":"","overlay-type":"","overlay-color":"","overlay-opacity":"","overlay-gradient":""}},"ast-content-background-meta":{"desktop":{"background-color":"var(--ast-global-color-5)","background-image":"","background-repeat":"repeat","background-position":"center center","background-size":"auto","background-attachment":"scroll","background-type":"","background-media":"","overlay-type":"","overlay-color":"","overlay-opacity":"","overlay-gradient":""},"tablet":{"background-color":"var(--ast-global-color-5)","background-image":"","background-repeat":"repeat","background-position":"center center","background-size":"auto","background-attachment":"scroll","background-type":"","background-media":"","overlay-type":"","overlay-color":"","overlay-opacity":"","overlay-gradient":""},"mobile":{"background-color":"var(--ast-global-color-5)","background-image":"","background-repeat":"repeat","background-position":"center center","background-size":"auto","background-attachment":"scroll","background-type":"","background-media":"","overlay-type":"","overlay-color":"","overlay-opacity":"","overlay-gradient":""}},"footnotes":""},"class_list":["post-24116","page","type-page","status-publish","hentry"],"yoast_head":"<!-- This site is optimized with the Yoast SEO plugin v27.6 - https:\/\/yoast.com\/product\/yoast-seo-wordpress\/ -->\n<title>Solicitar propuesta de boda | Valle Escondido Boquete Hotel<\/title>\n<meta name=\"robots\" content=\"index, follow, max-snippet:-1, max-image-preview:large, max-video-preview:-1\" \/>\n<link rel=\"canonical\" href=\"https:\/\/www.valleescondidoboquete.com\/es\/solicitar-propuesta-de-boda\/\" \/>\n<meta property=\"og:locale\" content=\"es_ES\" \/>\n<meta property=\"og:type\" content=\"article\" \/>\n<meta property=\"og:title\" content=\"Solicitar propuesta de boda | Valle Escondido Boquete Hotel\" \/>\n<meta property=\"og:description\" content=\"Solicitar propuesta de eventos Bodas en Boquete Jujhayna R. Ledezma Solicitar una propuesta para bodas Please enable JavaScript in your browser to complete this form.Nombre *FirstLastEmail *Tel\u00e9fono * D\u00eda del eventoAproximadamente cu\u00e1ntos invitados esperas?Mensaje *Message Enviar\" \/>\n<meta property=\"og:url\" content=\"https:\/\/www.valleescondidoboquete.com\/es\/solicitar-propuesta-de-boda\/\" \/>\n<meta property=\"og:site_name\" content=\"Valle Escondido Boquete Hotel\" \/>\n<meta property=\"article:publisher\" content=\"https:\/\/www.facebook.com\/Veresort\/\" \/>\n<meta property=\"article:modified_time\" content=\"2025-09-23T22:56:23+00:00\" \/>\n<meta property=\"og:image\" content=\"https:\/\/www.valleescondidoboquete.com\/wp-content\/uploads\/2023\/11\/Diseno-sin-titulo-2023-11-01T101448.508.png\" \/>\n\t<meta property=\"og:image:width\" content=\"446\" \/>\n\t<meta property=\"og:image:height\" content=\"669\" \/>\n\t<meta property=\"og:image:type\" content=\"image\/png\" \/>\n<meta name=\"twitter:card\" content=\"summary_large_image\" \/>\n<meta name=\"twitter:site\" content=\"@veresort\" \/>\n<meta name=\"twitter:label1\" content=\"Tiempo de lectura\" \/>\n\t<meta name=\"twitter:data1\" content=\"1 minuto\" \/>\n<script type=\"application\/ld+json\" class=\"yoast-schema-graph\">{\"@context\":\"https:\\\/\\\/schema.org\",\"@graph\":[{\"@type\":\"WebPage\",\"@id\":\"https:\\\/\\\/www.valleescondidoboquete.com\\\/es\\\/solicitar-propuesta-de-boda\\\/\",\"url\":\"https:\\\/\\\/www.valleescondidoboquete.com\\\/es\\\/solicitar-propuesta-de-boda\\\/\",\"name\":\"Solicitar propuesta de boda | Valle Escondido Boquete Hotel\",\"isPartOf\":{\"@id\":\"https:\\\/\\\/www.valleescondidoboquete.com\\\/es\\\/#website\"},\"primaryImageOfPage\":{\"@id\":\"https:\\\/\\\/www.valleescondidoboquete.com\\\/es\\\/solicitar-propuesta-de-boda\\\/#primaryimage\"},\"image\":{\"@id\":\"https:\\\/\\\/www.valleescondidoboquete.com\\\/es\\\/solicitar-propuesta-de-boda\\\/#primaryimage\"},\"thumbnailUrl\":\"https:\\\/\\\/www.valleescondidoboquete.com\\\/wp-content\\\/uploads\\\/2023\\\/11\\\/Diseno-sin-titulo-2023-11-01T101448.508.png\",\"datePublished\":\"2025-09-23T22:53:20+00:00\",\"dateModified\":\"2025-09-23T22:56:23+00:00\",\"breadcrumb\":{\"@id\":\"https:\\\/\\\/www.valleescondidoboquete.com\\\/es\\\/solicitar-propuesta-de-boda\\\/#breadcrumb\"},\"inLanguage\":\"es\",\"potentialAction\":[{\"@type\":\"ReadAction\",\"target\":[\"https:\\\/\\\/www.valleescondidoboquete.com\\\/es\\\/solicitar-propuesta-de-boda\\\/\"]}]},{\"@type\":\"ImageObject\",\"inLanguage\":\"es\",\"@id\":\"https:\\\/\\\/www.valleescondidoboquete.com\\\/es\\\/solicitar-propuesta-de-boda\\\/#primaryimage\",\"url\":\"https:\\\/\\\/www.valleescondidoboquete.com\\\/wp-content\\\/uploads\\\/2023\\\/11\\\/Diseno-sin-titulo-2023-11-01T101448.508.png\",\"contentUrl\":\"https:\\\/\\\/www.valleescondidoboquete.com\\\/wp-content\\\/uploads\\\/2023\\\/11\\\/Diseno-sin-titulo-2023-11-01T101448.508.png\"},{\"@type\":\"BreadcrumbList\",\"@id\":\"https:\\\/\\\/www.valleescondidoboquete.com\\\/es\\\/solicitar-propuesta-de-boda\\\/#breadcrumb\",\"itemListElement\":[{\"@type\":\"ListItem\",\"position\":1,\"name\":\"Home\",\"item\":\"https:\\\/\\\/www.valleescondidoboquete.com\\\/es\\\/\"},{\"@type\":\"ListItem\",\"position\":2,\"name\":\"Solicitar propuesta de boda\"}]},{\"@type\":\"WebSite\",\"@id\":\"https:\\\/\\\/www.valleescondidoboquete.com\\\/es\\\/#website\",\"url\":\"https:\\\/\\\/www.valleescondidoboquete.com\\\/es\\\/\",\"name\":\"Valle Escondido Boquete Hotel\",\"description\":\"Boquete Panama Hotels Valle Escondido\",\"publisher\":{\"@id\":\"https:\\\/\\\/www.valleescondidoboquete.com\\\/es\\\/#organization\"},\"potentialAction\":[{\"@type\":\"SearchAction\",\"target\":{\"@type\":\"EntryPoint\",\"urlTemplate\":\"https:\\\/\\\/www.valleescondidoboquete.com\\\/es\\\/?s={search_term_string}\"},\"query-input\":{\"@type\":\"PropertyValueSpecification\",\"valueRequired\":true,\"valueName\":\"search_term_string\"}}],\"inLanguage\":\"es\"},{\"@type\":\"Organization\",\"@id\":\"https:\\\/\\\/www.valleescondidoboquete.com\\\/es\\\/#organization\",\"name\":\"Valle Escondido Resort, Golf & Spa\",\"url\":\"https:\\\/\\\/www.valleescondidoboquete.com\\\/es\\\/\",\"logo\":{\"@type\":\"ImageObject\",\"inLanguage\":\"es\",\"@id\":\"https:\\\/\\\/www.valleescondidoboquete.com\\\/es\\\/#\\\/schema\\\/logo\\\/image\\\/\",\"url\":\"https:\\\/\\\/www.valleescondidoboquete.com\\\/wp-content\\\/uploads\\\/2019\\\/04\\\/cropped-valle-escondido-logo-1.png\",\"contentUrl\":\"https:\\\/\\\/www.valleescondidoboquete.com\\\/wp-content\\\/uploads\\\/2019\\\/04\\\/cropped-valle-escondido-logo-1.png\",\"width\":300,\"height\":165,\"caption\":\"Valle Escondido Resort, Golf & Spa\"},\"image\":{\"@id\":\"https:\\\/\\\/www.valleescondidoboquete.com\\\/es\\\/#\\\/schema\\\/logo\\\/image\\\/\"},\"sameAs\":[\"https:\\\/\\\/www.facebook.com\\\/Veresort\\\/\",\"https:\\\/\\\/x.com\\\/veresort\",\"https:\\\/\\\/www.instagram.com\\\/valleescondidoresort\\\/\",\"https:\\\/\\\/www.youtube.com\\\/channel\\\/UCYa9z5fjnt-KsfbHikMRu8g\"]}]}<\/script>\n<!-- \/ Yoast SEO plugin. -->","yoast_head_json":{"title":"Solicitar propuesta de boda | Valle Escondido Boquete Hotel","robots":{"index":"index","follow":"follow","max-snippet":"max-snippet:-1","max-image-preview":"max-image-preview:large","max-video-preview":"max-video-preview:-1"},"canonical":"https:\/\/www.valleescondidoboquete.com\/es\/solicitar-propuesta-de-boda\/","og_locale":"es_ES","og_type":"article","og_title":"Solicitar propuesta de boda | Valle Escondido Boquete Hotel","og_description":"Solicitar propuesta de eventos Bodas en Boquete Jujhayna R. Ledezma Solicitar una propuesta para bodas Please enable JavaScript in your browser to complete this form.Nombre *FirstLastEmail *Tel\u00e9fono * D\u00eda del eventoAproximadamente cu\u00e1ntos invitados esperas?Mensaje *Message Enviar","og_url":"https:\/\/www.valleescondidoboquete.com\/es\/solicitar-propuesta-de-boda\/","og_site_name":"Valle Escondido Boquete Hotel","article_publisher":"https:\/\/www.facebook.com\/Veresort\/","article_modified_time":"2025-09-23T22:56:23+00:00","og_image":[{"width":446,"height":669,"url":"https:\/\/www.valleescondidoboquete.com\/wp-content\/uploads\/2023\/11\/Diseno-sin-titulo-2023-11-01T101448.508.png","type":"image\/png"}],"twitter_card":"summary_large_image","twitter_site":"@veresort","twitter_misc":{"Tiempo de lectura":"1 minuto"},"schema":{"@context":"https:\/\/schema.org","@graph":[{"@type":"WebPage","@id":"https:\/\/www.valleescondidoboquete.com\/es\/solicitar-propuesta-de-boda\/","url":"https:\/\/www.valleescondidoboquete.com\/es\/solicitar-propuesta-de-boda\/","name":"Solicitar propuesta de boda | Valle Escondido Boquete Hotel","isPartOf":{"@id":"https:\/\/www.valleescondidoboquete.com\/es\/#website"},"primaryImageOfPage":{"@id":"https:\/\/www.valleescondidoboquete.com\/es\/solicitar-propuesta-de-boda\/#primaryimage"},"image":{"@id":"https:\/\/www.valleescondidoboquete.com\/es\/solicitar-propuesta-de-boda\/#primaryimage"},"thumbnailUrl":"https:\/\/www.valleescondidoboquete.com\/wp-content\/uploads\/2023\/11\/Diseno-sin-titulo-2023-11-01T101448.508.png","datePublished":"2025-09-23T22:53:20+00:00","dateModified":"2025-09-23T22:56:23+00:00","breadcrumb":{"@id":"https:\/\/www.valleescondidoboquete.com\/es\/solicitar-propuesta-de-boda\/#breadcrumb"},"inLanguage":"es","potentialAction":[{"@type":"ReadAction","target":["https:\/\/www.valleescondidoboquete.com\/es\/solicitar-propuesta-de-boda\/"]}]},{"@type":"ImageObject","inLanguage":"es","@id":"https:\/\/www.valleescondidoboquete.com\/es\/solicitar-propuesta-de-boda\/#primaryimage","url":"https:\/\/www.valleescondidoboquete.com\/wp-content\/uploads\/2023\/11\/Diseno-sin-titulo-2023-11-01T101448.508.png","contentUrl":"https:\/\/www.valleescondidoboquete.com\/wp-content\/uploads\/2023\/11\/Diseno-sin-titulo-2023-11-01T101448.508.png"},{"@type":"BreadcrumbList","@id":"https:\/\/www.valleescondidoboquete.com\/es\/solicitar-propuesta-de-boda\/#breadcrumb","itemListElement":[{"@type":"ListItem","position":1,"name":"Home","item":"https:\/\/www.valleescondidoboquete.com\/es\/"},{"@type":"ListItem","position":2,"name":"Solicitar propuesta de boda"}]},{"@type":"WebSite","@id":"https:\/\/www.valleescondidoboquete.com\/es\/#website","url":"https:\/\/www.valleescondidoboquete.com\/es\/","name":"Valle Escondido Boquete Hotel","description":"Boquete Panama Hotels Valle Escondido","publisher":{"@id":"https:\/\/www.valleescondidoboquete.com\/es\/#organization"},"potentialAction":[{"@type":"SearchAction","target":{"@type":"EntryPoint","urlTemplate":"https:\/\/www.valleescondidoboquete.com\/es\/?s={search_term_string}"},"query-input":{"@type":"PropertyValueSpecification","valueRequired":true,"valueName":"search_term_string"}}],"inLanguage":"es"},{"@type":"Organization","@id":"https:\/\/www.valleescondidoboquete.com\/es\/#organization","name":"Valle Escondido Resort, Golf & Spa","url":"https:\/\/www.valleescondidoboquete.com\/es\/","logo":{"@type":"ImageObject","inLanguage":"es","@id":"https:\/\/www.valleescondidoboquete.com\/es\/#\/schema\/logo\/image\/","url":"https:\/\/www.valleescondidoboquete.com\/wp-content\/uploads\/2019\/04\/cropped-valle-escondido-logo-1.png","contentUrl":"https:\/\/www.valleescondidoboquete.com\/wp-content\/uploads\/2019\/04\/cropped-valle-escondido-logo-1.png","width":300,"height":165,"caption":"Valle Escondido Resort, Golf & Spa"},"image":{"@id":"https:\/\/www.valleescondidoboquete.com\/es\/#\/schema\/logo\/image\/"},"sameAs":["https:\/\/www.facebook.com\/Veresort\/","https:\/\/x.com\/veresort","https:\/\/www.instagram.com\/valleescondidoresort\/","https:\/\/www.youtube.com\/channel\/UCYa9z5fjnt-KsfbHikMRu8g"]}]}},"taxonomy_info":[],"featured_image_src_large":false,"author_info":{"display_name":"Francisco Miranda","author_link":"https:\/\/www.valleescondidoboquete.com\/es\/author\/webmaster\/"},"comment_info":0,"acf":[],"_links":{"self":[{"href":"https:\/\/www.valleescondidoboquete.com\/es\/wp-json\/wp\/v2\/pages\/24116","targetHints":{"allow":["GET"]}}],"collection":[{"href":"https:\/\/www.valleescondidoboquete.com\/es\/wp-json\/wp\/v2\/pages"}],"about":[{"href":"https:\/\/www.valleescondidoboquete.com\/es\/wp-json\/wp\/v2\/types\/page"}],"author":[{"embeddable":true,"href":"https:\/\/www.valleescondidoboquete.com\/es\/wp-json\/wp\/v2\/users\/5"}],"replies":[{"embeddable":true,"href":"https:\/\/www.valleescondidoboquete.com\/es\/wp-json\/wp\/v2\/comments?post=24116"}],"version-history":[{"count":7,"href":"https:\/\/www.valleescondidoboquete.com\/es\/wp-json\/wp\/v2\/pages\/24116\/revisions"}],"predecessor-version":[{"id":24124,"href":"https:\/\/www.valleescondidoboquete.com\/es\/wp-json\/wp\/v2\/pages\/24116\/revisions\/24124"}],"wp:attachment":[{"href":"https:\/\/www.valleescondidoboquete.com\/es\/wp-json\/wp\/v2\/media?parent=24116"}],"curies":[{"name":"wp","href":"https:\/\/api.w.org\/{rel}","templated":true}]}}